{"id":162,"date":"2015-04-07T07:50:54","date_gmt":"2015-04-07T05:50:54","guid":{"rendered":"http:\/\/www.ines.tuxplay.de\/?page_id=162"},"modified":"2015-04-07T07:51:18","modified_gmt":"2015-04-07T05:51:18","slug":"impressum","status":"publish","type":"page","link":"https:\/\/ines.tuxplay.de\/?page_id=162","title":{"rendered":"Impressum"},"content":{"rendered":"<p>Ines Franz-Fichtner<br \/>\nPestalozzistr. 32<br \/>\n04178 Leipzig<br \/>\nTelefon: +49 341 911 6403<br \/>\nTelefax: +49 341 911 6402<br \/>\nE-Mail: tuxine[at]ines.tuxplay.de<\/p>\n<p>Internet:<br \/>\nwww.ines.tuxplay.de<\/p>\n<p>Inhaltlich Verantwortliche gem\u00e4\u00df \u00a7 6 MDStV:<br \/>\nInes Franz-Fichtner<\/p>\n<p>Haftungshinweis:<br \/>\nTrotz sorgf\u00e4ltiger inhaltlicher Kontrolle \u00fcbernehmen wir keine Haftung f\u00fcr die Inhalte externer Links. F\u00fcr den Inhalt der verlinkten Seiten sind ausschlie\u00dflich deren Betreiber verantwortlich.<\/p>\n","protected":false},"excerpt":{"rendered":"<p>Ines Franz-Fichtner Pestalozzistr. 32 04178 Leipzig Telefon: +49 341 911 6403 Telefax: +49 341 911 6402 E-Mail: tuxine[at]ines.tuxplay.de Internet: www.ines.tuxplay.de Inhaltlich Verantwortliche gem\u00e4\u00df \u00a7 6 MDStV: Ines Franz-Fichtner Haftungshinweis: Trotz sorgf\u00e4ltiger inhaltlicher Kontrolle \u00fcbernehmen wir keine Haftung f\u00fcr die Inhalte externer Links. F\u00fcr den Inhalt der verlinkten Seiten sind ausschlie\u00dflich deren Betreiber verantwortlich.<\/p>\n","protected":false},"author":1,"featured_media":0,"parent":0,"menu_order":9999,"comment_status":"closed","ping_status":"closed","template":"","meta":{"footnotes":""},"class_list":["post-162","page","type-page","status-publish","hentry"],"_links":{"self":[{"href":"https:\/\/ines.tuxplay.de\/index.php?rest_route=\/wp\/v2\/pages\/162","targetHints":{"allow":["GET"]}}],"collection":[{"href":"https:\/\/ines.tuxplay.de\/index.php?rest_route=\/wp\/v2\/pages"}],"about":[{"href":"https:\/\/ines.tuxplay.de\/index.php?rest_route=\/wp\/v2\/types\/page"}],"author":[{"embeddable":true,"href":"https:\/\/ines.tuxplay.de\/index.php?rest_route=\/wp\/v2\/users\/1"}],"replies":[{"embeddable":true,"href":"https:\/\/ines.tuxplay.de\/index.php?rest_route=%2Fwp%2Fv2%2Fcomments&post=162"}],"version-history":[{"count":1,"href":"https:\/\/ines.tuxplay.de\/index.php?rest_route=\/wp\/v2\/pages\/162\/revisions"}],"predecessor-version":[{"id":164,"href":"https:\/\/ines.tuxplay.de\/index.php?rest_route=\/wp\/v2\/pages\/162\/revisions\/164"}],"wp:attachment":[{"href":"https:\/\/ines.tuxplay.de\/index.php?rest_route=%2Fwp%2Fv2%2Fmedia&parent=162"}],"curies":[{"name":"wp","href":"https:\/\/api.w.org\/{rel}","templated":true}]}}